{"id":1002,"date":"2019-12-21T19:48:00","date_gmt":"2019-12-21T18:48:00","guid":{"rendered":"http:\/\/soester-pferdefreunde.de\/?page_id=1002"},"modified":"2023-01-10T14:32:04","modified_gmt":"2023-01-10T13:32:04","slug":"1002-2","status":"publish","type":"page","link":"https:\/\/soester-pferdefreunde.de\/?page_id=1002","title":{"rendered":"Projekt &quot;Movie&quot;"},"content":{"rendered":"\n<p class=\"wp-block-paragraph\"><\/p>\n\n\n\n<p class=\"wp-block-paragraph\">Dank ganz viel Einsatz aller Voltigierer, Trainer und Eltern konnten wir unseren Movie finanzieren. Dank Familie Steffens hat er sogar seinen eigenen Raum auf &#8222;unserem&#8220; Hof bekommen. So k\u00f6nnen die Pferde super entlastet werden und den Voltigierern steht ein tolle zus\u00e4tzliche Trainingsm\u00f6glichkeit zur Verf\u00fcgung.<\/p>\n\n\n\n<p class=\"wp-block-paragraph\">An dieser Stelle einen riesen Dank an alle Unterst\u00fctzer und F\u00f6rderer! <\/p>\n","protected":false},"excerpt":{"rendered":"<p>Dank ganz viel Einsatz aller Voltigierer, Trainer und Eltern konnten wir unseren Movie finanzieren. Dank Familie Steffens hat er sogar seinen eigenen Raum auf &#8222;unserem&#8220; Hof bekommen. So k\u00f6nnen die Pferde super entlastet werden und den Voltigierern steht ein tolle zus\u00e4tzliche Trainingsm\u00f6glichkeit zur Verf\u00fcgung. An dieser Stelle einen riesen Dank an alle Unterst\u00fctzer und F\u00f6rderer!<\/p>\n","protected":false},"author":1,"featured_media":0,"parent":201,"menu_order":0,"comment_status":"closed","ping_status":"closed","template":"","meta":{"_crdt_document":"","footnotes":""},"class_list":["post-1002","page","type-page","status-publish","hentry"],"_links":{"self":[{"href":"https:\/\/soester-pferdefreunde.de\/index.php?rest_route=\/wp\/v2\/pages\/1002","targetHints":{"allow":["GET"]}}],"collection":[{"href":"https:\/\/soester-pferdefreunde.de\/index.php?rest_route=\/wp\/v2\/pages"}],"about":[{"href":"https:\/\/soester-pferdefreunde.de\/index.php?rest_route=\/wp\/v2\/types\/page"}],"author":[{"embeddable":true,"href":"https:\/\/soester-pferdefreunde.de\/index.php?rest_route=\/wp\/v2\/users\/1"}],"replies":[{"embeddable":true,"href":"https:\/\/soester-pferdefreunde.de\/index.php?rest_route=%2Fwp%2Fv2%2Fcomments&post=1002"}],"version-history":[{"count":18,"href":"https:\/\/soester-pferdefreunde.de\/index.php?rest_route=\/wp\/v2\/pages\/1002\/revisions"}],"predecessor-version":[{"id":1127,"href":"https:\/\/soester-pferdefreunde.de\/index.php?rest_route=\/wp\/v2\/pages\/1002\/revisions\/1127"}],"up":[{"embeddable":true,"href":"https:\/\/soester-pferdefreunde.de\/index.php?rest_route=\/wp\/v2\/pages\/201"}],"wp:attachment":[{"href":"https:\/\/soester-pferdefreunde.de\/index.php?rest_route=%2Fwp%2Fv2%2Fmedia&parent=1002"}],"curies":[{"name":"wp","href":"https:\/\/api.w.org\/{rel}","templated":true}]}}