{"id":136,"date":"2013-10-01T22:26:03","date_gmt":"2013-10-01T20:26:03","guid":{"rendered":"http:\/\/soester-pferdefreunde.jatzkowski.net\/?page_id=136"},"modified":"2014-01-21T00:27:03","modified_gmt":"2014-01-20T23:27:03","slug":"verein","status":"publish","type":"page","link":"https:\/\/soester-pferdefreunde.de\/?page_id=136","title":{"rendered":"Verein"},"content":{"rendered":"<p>Der am 10.Juli 2013 gegr\u00fcndete Verein &#8222;Soester Pferdefreunde e.V.&#8220; besteht aus voltigierbegeisterten Kindern und Jugendlichen,\u00a0wie auch\u00a0engagierten Eltern und Trainerinnen\u00a0&#8211; unser oberstes Ziel: diese tolle\u00a0Sportart mit ihren vielen Facetten an m\u00f6glichst viele Kinder und Jugendliche weitergeben zu k\u00f6nnen.<\/p>\n<p>Wir legen besonderen Wert auf die F\u00f6rderung des Tierschutzes in Form von ad\u00e4quater Haltung, F\u00fctterung, Ausbildung und Trainingsaktivit\u00e4ten der dem Verein anvertrauten Pferde.<\/p>\n<p>Zentrale Aufgabe ist neben dem Schutz unseres Sportpartners &#8222;Pferd&#8220; die Entwicklung und Pflege des Miteinanders und einer Gemeinschaft durch die Beteiligung aller Mitglieder.<\/p>\n<p>Die Jugendf\u00f6rderung unseres Vereins bietet einen weiteren, besonderen Schwerpunkt. Die Aufgaben und M\u00f6glichkeiten der Vereinsjugend sind in einer gesonderten Jugendordnung geregelt. Zwei von der Jugend gew\u00e4hlte Jugendvertreter erg\u00e4nzen mit einer Stimme den Vorstand des Vereins.<\/p>\n","protected":false},"excerpt":{"rendered":"<p>Der am 10.Juli 2013 gegr\u00fcndete Verein &#8222;Soester Pferdefreunde e.V.&#8220; besteht aus voltigierbegeisterten Kindern und Jugendlichen,\u00a0wie auch\u00a0engagierten Eltern und Trainerinnen\u00a0&#8211; unser oberstes Ziel: diese tolle\u00a0Sportart mit ihren vielen Facetten an m\u00f6glichst viele Kinder und Jugendliche weitergeben zu k\u00f6nnen. Wir legen besonderen Wert auf die F\u00f6rderung des Tierschutzes in Form von ad\u00e4quater Haltung, F\u00fctterung, Ausbildung und Trainingsaktivit\u00e4ten [&hellip;]<\/p>\n","protected":false},"author":2,"featured_media":0,"parent":2,"menu_order":1,"comment_status":"closed","ping_status":"closed","template":"","meta":{"_crdt_document":"","footnotes":""},"class_list":["post-136","page","type-page","status-publish","hentry"],"_links":{"self":[{"href":"https:\/\/soester-pferdefreunde.de\/index.php?rest_route=\/wp\/v2\/pages\/136","targetHints":{"allow":["GET"]}}],"collection":[{"href":"https:\/\/soester-pferdefreunde.de\/index.php?rest_route=\/wp\/v2\/pages"}],"about":[{"href":"https:\/\/soester-pferdefreunde.de\/index.php?rest_route=\/wp\/v2\/types\/page"}],"author":[{"embeddable":true,"href":"https:\/\/soester-pferdefreunde.de\/index.php?rest_route=\/wp\/v2\/users\/2"}],"replies":[{"embeddable":true,"href":"https:\/\/soester-pferdefreunde.de\/index.php?rest_route=%2Fwp%2Fv2%2Fcomments&post=136"}],"version-history":[{"count":2,"href":"https:\/\/soester-pferdefreunde.de\/index.php?rest_route=\/wp\/v2\/pages\/136\/revisions"}],"predecessor-version":[{"id":412,"href":"https:\/\/soester-pferdefreunde.de\/index.php?rest_route=\/wp\/v2\/pages\/136\/revisions\/412"}],"up":[{"embeddable":true,"href":"https:\/\/soester-pferdefreunde.de\/index.php?rest_route=\/wp\/v2\/pages\/2"}],"wp:attachment":[{"href":"https:\/\/soester-pferdefreunde.de\/index.php?rest_route=%2Fwp%2Fv2%2Fmedia&parent=136"}],"curies":[{"name":"wp","href":"https:\/\/api.w.org\/{rel}","templated":true}]}}