{"id":201,"date":"2013-10-21T22:14:51","date_gmt":"2013-10-21T20:14:51","guid":{"rendered":"http:\/\/soester-pferdefreunde.jatzkowski.net\/?page_id=201"},"modified":"2025-02-25T20:24:03","modified_gmt":"2025-02-25T19:24:03","slug":"home","status":"publish","type":"page","link":"https:\/\/soester-pferdefreunde.de\/","title":{"rendered":"Soester Pferdefreunde e.V."},"content":{"rendered":"\n<div class=\"wp-block-cover alignwide is-light\"><img loading=\"lazy\" decoding=\"async\" width=\"2267\" height=\"1216\" class=\"wp-block-cover__image-background wp-image-1259\" alt=\"\" src=\"https:\/\/soester-pferdefreunde.de\/wp-content\/uploads\/2023\/11\/IMG_6044.jpg\" data-object-fit=\"cover\" srcset=\"https:\/\/soester-pferdefreunde.de\/wp-content\/uploads\/2023\/11\/IMG_6044.jpg 2267w, https:\/\/soester-pferdefreunde.de\/wp-content\/uploads\/2023\/11\/IMG_6044-300x161.jpg 300w, https:\/\/soester-pferdefreunde.de\/wp-content\/uploads\/2023\/11\/IMG_6044-1024x549.jpg 1024w, https:\/\/soester-pferdefreunde.de\/wp-content\/uploads\/2023\/11\/IMG_6044-768x412.jpg 768w, https:\/\/soester-pferdefreunde.de\/wp-content\/uploads\/2023\/11\/IMG_6044-1536x824.jpg 1536w, https:\/\/soester-pferdefreunde.de\/wp-content\/uploads\/2023\/11\/IMG_6044-2048x1099.jpg 2048w\" sizes=\"auto, (max-width: 2267px) 100vw, 2267px\" \/><span aria-hidden=\"true\" class=\"wp-block-cover__background has-background-dim\" style=\"background-color:#828376\"><\/span><div class=\"wp-block-cover__inner-container is-layout-flow wp-block-cover-is-layout-flow\">\n<p class=\"has-text-align-center has-large-font-size wp-block-paragraph\"><\/p>\n<\/div><\/div>\n\n\n\n<h3 class=\"wp-block-heading\">Herzlich willkommen <mark style=\"background-color:rgba(0, 0, 0, 0)\" class=\"has-inline-color has-contrast-color\">bei den Soester Pferdefreunden e.V.!<\/mark><\/h3>\n\n\n\n<p class=\"wp-block-paragraph\"><\/p>\n\n\n\n<h4 class=\"wp-block-heading\"><mark style=\"background-color:rgba(0, 0, 0, 0);color:#8ed1fc\" class=\"has-inline-color\">Ein kleiner Einblick in unseren Verein:<\/mark><\/h4>\n\n\n\n<p class=\"wp-block-paragraph\">Unser Verein wurde 2013 gegr\u00fcndet. Ca. 10 Jahre sp\u00e4ter haben wir knapp \u00fcber 100 Mitglieder. Wir haben 10 Gruppen mit unterschiedlichen Schwerpunkten. Haupts\u00e4chlich sind wir im Breitensport aktiv und f\u00f6rdern schon bei den ganz Kleinen den artgerechten und liebevollen Umgang mit dem Pferd. Wir haben jedoch auch zwei Leistungsgruppen in den Klassen L und E. Unsere wichtigsten Vereinsmitglieder sind unsere 4 Pferde Nemo, Monday, Sempo und Caesar. Mehr Infos \u00fcber unseren Verein findet ihr in den Untermen\u00fcs&#8230; <br><\/p>\n\n\n\n<div class=\"wp-block-columns is-layout-flex wp-container-core-columns-is-layout-f56f613f wp-block-columns-is-layout-flex\">\n<div class=\"wp-block-column is-layout-flow wp-block-column-is-layout-flow\" style=\"flex-basis:100%\">\n<div class=\"alignnormal\"><div id=\"metaslider-id-1202\" style=\"width: 100%; margin: 0 auto;\" class=\"ml-slider-3-108-0 metaslider metaslider-nivo metaslider-1202 ml-slider has-dots-nav ms-theme-default\" role=\"region\" aria-label=\"Start2\" data-height=\"768\" data-width=\"1024\">\n    <div id=\"metaslider_container_1202\">\n        <div class='slider-wrapper theme-default'><div class='ribbon'><\/div><div id='metaslider_1202' class='nivoSlider'><img loading=\"lazy\" decoding=\"async\" width=\"1024\" height=\"768\" src=\"https:\/\/soester-pferdefreunde.de\/wp-content\/uploads\/2023\/05\/Caesar_1024_768.png\" class=\"slider-1202 slide-1214 msDefaultImage\" alt=\"\" data-caption=\"\" data-thumb=\"\" title=\"Caesar_1024_768\" rel=\"\" srcset=\"https:\/\/soester-pferdefreunde.de\/wp-content\/uploads\/2023\/05\/Caesar_1024_768.png 1024w, https:\/\/soester-pferdefreunde.de\/wp-content\/uploads\/2023\/05\/Caesar_1024_768-300x225.png 300w, https:\/\/soester-pferdefreunde.de\/wp-content\/uploads\/2023\/05\/Caesar_1024_768-768x576.png 768w\" sizes=\"auto, (max-width: 1024px) 100vw, 1024px\" \/><img loading=\"lazy\" decoding=\"async\" width=\"1024\" height=\"768\" src=\"https:\/\/soester-pferdefreunde.de\/wp-content\/uploads\/2023\/05\/Sempo_1024_768.png\" class=\"slider-1202 slide-1221 msDefaultImage\" alt=\"Vorw\u00e4rtsschwung Voltigieren\" data-caption=\"\" data-thumb=\"\" title=\"Pferd Sempo\" rel=\"\" srcset=\"https:\/\/soester-pferdefreunde.de\/wp-content\/uploads\/2023\/05\/Sempo_1024_768.png 1024w, https:\/\/soester-pferdefreunde.de\/wp-content\/uploads\/2023\/05\/Sempo_1024_768-300x225.png 300w, https:\/\/soester-pferdefreunde.de\/wp-content\/uploads\/2023\/05\/Sempo_1024_768-768x576.png 768w\" sizes=\"auto, (max-width: 1024px) 100vw, 1024px\" \/><img loading=\"lazy\" decoding=\"async\" width=\"1024\" height=\"768\" src=\"https:\/\/soester-pferdefreunde.de\/wp-content\/uploads\/2023\/05\/nemo_1024_768.png\" class=\"slider-1202 slide-1218 msDefaultImage\" alt=\"\" data-caption=\"\" data-thumb=\"\" title=\"nemo_1024_768\" rel=\"\" srcset=\"https:\/\/soester-pferdefreunde.de\/wp-content\/uploads\/2023\/05\/nemo_1024_768.png 1024w, https:\/\/soester-pferdefreunde.de\/wp-content\/uploads\/2023\/05\/nemo_1024_768-300x225.png 300w, https:\/\/soester-pferdefreunde.de\/wp-content\/uploads\/2023\/05\/nemo_1024_768-768x576.png 768w\" sizes=\"auto, (max-width: 1024px) 100vw, 1024px\" \/><img loading=\"lazy\" decoding=\"async\" width=\"1024\" height=\"768\" src=\"https:\/\/soester-pferdefreunde.de\/wp-content\/uploads\/2023\/05\/sempovolti_1024_768.png\" class=\"slider-1202 slide-1222 msDefaultImage\" alt=\"Voltigieren K\u00fcr\" data-caption=\"\" data-thumb=\"\" title=\"sempovolti_1024_768\" rel=\"\" srcset=\"https:\/\/soester-pferdefreunde.de\/wp-content\/uploads\/2023\/05\/sempovolti_1024_768.png 1024w, https:\/\/soester-pferdefreunde.de\/wp-content\/uploads\/2023\/05\/sempovolti_1024_768-300x225.png 300w, https:\/\/soester-pferdefreunde.de\/wp-content\/uploads\/2023\/05\/sempovolti_1024_768-768x576.png 768w\" sizes=\"auto, (max-width: 1024px) 100vw, 1024px\" \/><img loading=\"lazy\" decoding=\"async\" width=\"1024\" height=\"768\" src=\"https:\/\/soester-pferdefreunde.de\/wp-content\/uploads\/2023\/05\/NemoVoltis_1024_768.png\" class=\"slider-1202 slide-1219 msDefaultImage\" alt=\"\" data-caption=\"\" data-thumb=\"\" title=\"NemoVoltis_1024_768\" rel=\"\" srcset=\"https:\/\/soester-pferdefreunde.de\/wp-content\/uploads\/2023\/05\/NemoVoltis_1024_768.png 1024w, https:\/\/soester-pferdefreunde.de\/wp-content\/uploads\/2023\/05\/NemoVoltis_1024_768-300x225.png 300w, https:\/\/soester-pferdefreunde.de\/wp-content\/uploads\/2023\/05\/NemoVoltis_1024_768-768x576.png 768w\" sizes=\"auto, (max-width: 1024px) 100vw, 1024px\" \/><img loading=\"lazy\" decoding=\"async\" width=\"2304\" height=\"1536\" src=\"https:\/\/soester-pferdefreunde.de\/wp-content\/uploads\/2024\/05\/2B11A317-F58A-4425-B899-BC599E498686.jpg\" class=\"slider-1202 slide-1338 msDefaultImage\" alt=\"\" data-caption=\"\" data-thumb=\"\" title=\"Sempo im Turnierzirkel\" rel=\"\" srcset=\"https:\/\/soester-pferdefreunde.de\/wp-content\/uploads\/2024\/05\/2B11A317-F58A-4425-B899-BC599E498686.jpg 2304w, https:\/\/soester-pferdefreunde.de\/wp-content\/uploads\/2024\/05\/2B11A317-F58A-4425-B899-BC599E498686-300x200.jpg 300w, https:\/\/soester-pferdefreunde.de\/wp-content\/uploads\/2024\/05\/2B11A317-F58A-4425-B899-BC599E498686-1024x683.jpg 1024w, https:\/\/soester-pferdefreunde.de\/wp-content\/uploads\/2024\/05\/2B11A317-F58A-4425-B899-BC599E498686-768x512.jpg 768w, https:\/\/soester-pferdefreunde.de\/wp-content\/uploads\/2024\/05\/2B11A317-F58A-4425-B899-BC599E498686-1536x1024.jpg 1536w, https:\/\/soester-pferdefreunde.de\/wp-content\/uploads\/2024\/05\/2B11A317-F58A-4425-B899-BC599E498686-2048x1365.jpg 2048w\" sizes=\"auto, (max-width: 2304px) 100vw, 2304px\" \/><img loading=\"lazy\" decoding=\"async\" width=\"1024\" height=\"768\" src=\"https:\/\/soester-pferdefreunde.de\/wp-content\/uploads\/2023\/05\/EspritVolti_1024_768.png\" class=\"slider-1202 slide-1216 msDefaultImage\" alt=\"Voltigieren f\u00fcr Kinder\" data-caption=\"\" data-thumb=\"\" title=\"EspritVolti_1024_768\" rel=\"\" srcset=\"https:\/\/soester-pferdefreunde.de\/wp-content\/uploads\/2023\/05\/EspritVolti_1024_768.png 1024w, https:\/\/soester-pferdefreunde.de\/wp-content\/uploads\/2023\/05\/EspritVolti_1024_768-300x225.png 300w, https:\/\/soester-pferdefreunde.de\/wp-content\/uploads\/2023\/05\/EspritVolti_1024_768-768x576.png 768w\" sizes=\"auto, (max-width: 1024px) 100vw, 1024px\" \/><img loading=\"lazy\" decoding=\"async\" width=\"2304\" height=\"1536\" src=\"https:\/\/soester-pferdefreunde.de\/wp-content\/uploads\/2024\/05\/6605238C-8417-4903-9A41-BDBFEDBF197C.jpg\" class=\"slider-1202 slide-1339 msDefaultImage\" alt=\"\" data-caption=\"\" data-thumb=\"\" title=\"Volti Turnier\" rel=\"\" srcset=\"https:\/\/soester-pferdefreunde.de\/wp-content\/uploads\/2024\/05\/6605238C-8417-4903-9A41-BDBFEDBF197C.jpg 2304w, https:\/\/soester-pferdefreunde.de\/wp-content\/uploads\/2024\/05\/6605238C-8417-4903-9A41-BDBFEDBF197C-300x200.jpg 300w, https:\/\/soester-pferdefreunde.de\/wp-content\/uploads\/2024\/05\/6605238C-8417-4903-9A41-BDBFEDBF197C-1024x683.jpg 1024w, https:\/\/soester-pferdefreunde.de\/wp-content\/uploads\/2024\/05\/6605238C-8417-4903-9A41-BDBFEDBF197C-768x512.jpg 768w, https:\/\/soester-pferdefreunde.de\/wp-content\/uploads\/2024\/05\/6605238C-8417-4903-9A41-BDBFEDBF197C-1536x1024.jpg 1536w, https:\/\/soester-pferdefreunde.de\/wp-content\/uploads\/2024\/05\/6605238C-8417-4903-9A41-BDBFEDBF197C-2048x1365.jpg 2048w\" sizes=\"auto, (max-width: 2304px) 100vw, 2304px\" \/><img loading=\"lazy\" decoding=\"async\" width=\"1024\" height=\"768\" src=\"https:\/\/soester-pferdefreunde.de\/wp-content\/uploads\/2023\/05\/tonne_1024_768.png\" class=\"slider-1202 slide-1223 msDefaultImage\" alt=\"\" data-caption=\"\" data-thumb=\"\" title=\"tonne_1024_768\" rel=\"\" srcset=\"https:\/\/soester-pferdefreunde.de\/wp-content\/uploads\/2023\/05\/tonne_1024_768.png 1024w, https:\/\/soester-pferdefreunde.de\/wp-content\/uploads\/2023\/05\/tonne_1024_768-300x225.png 300w, https:\/\/soester-pferdefreunde.de\/wp-content\/uploads\/2023\/05\/tonne_1024_768-768x576.png 768w\" sizes=\"auto, (max-width: 1024px) 100vw, 1024px\" \/><img loading=\"lazy\" decoding=\"async\" width=\"2304\" height=\"1536\" src=\"https:\/\/soester-pferdefreunde.de\/wp-content\/uploads\/2024\/05\/EFDCC15F-463B-4F19-9713-39FAE14C9644.jpg\" class=\"slider-1202 slide-1341 msDefaultImage\" alt=\"Fahne\" data-caption=\"\" data-thumb=\"\" title=\"EFDCC15F-463B-4F19-9713-39FAE14C9644\" rel=\"\" srcset=\"https:\/\/soester-pferdefreunde.de\/wp-content\/uploads\/2024\/05\/EFDCC15F-463B-4F19-9713-39FAE14C9644.jpg 2304w, https:\/\/soester-pferdefreunde.de\/wp-content\/uploads\/2024\/05\/EFDCC15F-463B-4F19-9713-39FAE14C9644-300x200.jpg 300w, https:\/\/soester-pferdefreunde.de\/wp-content\/uploads\/2024\/05\/EFDCC15F-463B-4F19-9713-39FAE14C9644-1024x683.jpg 1024w, https:\/\/soester-pferdefreunde.de\/wp-content\/uploads\/2024\/05\/EFDCC15F-463B-4F19-9713-39FAE14C9644-768x512.jpg 768w, https:\/\/soester-pferdefreunde.de\/wp-content\/uploads\/2024\/05\/EFDCC15F-463B-4F19-9713-39FAE14C9644-1536x1024.jpg 1536w, https:\/\/soester-pferdefreunde.de\/wp-content\/uploads\/2024\/05\/EFDCC15F-463B-4F19-9713-39FAE14C9644-2048x1365.jpg 2048w\" sizes=\"auto, (max-width: 2304px) 100vw, 2304px\" \/><img loading=\"lazy\" decoding=\"async\" width=\"1024\" height=\"768\" src=\"https:\/\/soester-pferdefreunde.de\/wp-content\/uploads\/2023\/05\/Plakat_1024_768.png\" class=\"slider-1202 slide-1220 msDefaultImage\" alt=\"\" data-caption=\"\" data-thumb=\"\" title=\"Plakat_1024_768\" rel=\"\" srcset=\"https:\/\/soester-pferdefreunde.de\/wp-content\/uploads\/2023\/05\/Plakat_1024_768.png 1024w, https:\/\/soester-pferdefreunde.de\/wp-content\/uploads\/2023\/05\/Plakat_1024_768-300x225.png 300w, https:\/\/soester-pferdefreunde.de\/wp-content\/uploads\/2023\/05\/Plakat_1024_768-768x576.png 768w\" sizes=\"auto, (max-width: 1024px) 100vw, 1024px\" \/><img loading=\"lazy\" decoding=\"async\" width=\"1024\" height=\"768\" src=\"https:\/\/soester-pferdefreunde.de\/wp-content\/uploads\/2023\/05\/Volti_1024_768.png\" class=\"slider-1202 slide-1224 msDefaultImage\" alt=\"\" data-caption=\"\" data-thumb=\"\" title=\"Volti_1024_768\" rel=\"\" srcset=\"https:\/\/soester-pferdefreunde.de\/wp-content\/uploads\/2023\/05\/Volti_1024_768.png 1024w, https:\/\/soester-pferdefreunde.de\/wp-content\/uploads\/2023\/05\/Volti_1024_768-300x225.png 300w, https:\/\/soester-pferdefreunde.de\/wp-content\/uploads\/2023\/05\/Volti_1024_768-768x576.png 768w\" sizes=\"auto, (max-width: 1024px) 100vw, 1024px\" \/><\/div><\/div>\n        \n    <\/div>\n<\/div><\/div>\n<\/div>\n<\/div>\n","protected":false},"excerpt":{"rendered":"<p>Herzlich willkommen bei den Soester Pferdefreunden e.V.! Ein kleiner Einblick in unseren Verein: Unser Verein wurde 2013 gegr\u00fcndet. Ca. 10 Jahre sp\u00e4ter haben wir knapp \u00fcber 100 Mitglieder. Wir haben 10 Gruppen mit unterschiedlichen Schwerpunkten. Haupts\u00e4chlich sind wir im Breitensport aktiv und f\u00f6rdern schon bei den ganz Kleinen den artgerechten und liebevollen Umgang mit dem [&hellip;]<\/p>\n","protected":false},"author":1,"featured_media":0,"parent":0,"menu_order":0,"comment_status":"closed","ping_status":"closed","template":"","meta":{"_crdt_document":"","footnotes":""},"class_list":["post-201","page","type-page","status-publish","hentry"],"_links":{"self":[{"href":"https:\/\/soester-pferdefreunde.de\/index.php?rest_route=\/wp\/v2\/pages\/201","targetHints":{"allow":["GET"]}}],"collection":[{"href":"https:\/\/soester-pferdefreunde.de\/index.php?rest_route=\/wp\/v2\/pages"}],"about":[{"href":"https:\/\/soester-pferdefreunde.de\/index.php?rest_route=\/wp\/v2\/types\/page"}],"author":[{"embeddable":true,"href":"https:\/\/soester-pferdefreunde.de\/index.php?rest_route=\/wp\/v2\/users\/1"}],"replies":[{"embeddable":true,"href":"https:\/\/soester-pferdefreunde.de\/index.php?rest_route=%2Fwp%2Fv2%2Fcomments&post=201"}],"version-history":[{"count":17,"href":"https:\/\/soester-pferdefreunde.de\/index.php?rest_route=\/wp\/v2\/pages\/201\/revisions"}],"predecessor-version":[{"id":1419,"href":"https:\/\/soester-pferdefreunde.de\/index.php?rest_route=\/wp\/v2\/pages\/201\/revisions\/1419"}],"wp:attachment":[{"href":"https:\/\/soester-pferdefreunde.de\/index.php?rest_route=%2Fwp%2Fv2%2Fmedia&parent=201"}],"curies":[{"name":"wp","href":"https:\/\/api.w.org\/{rel}","templated":true}]}}