{"id":39,"date":"2013-07-07T17:57:11","date_gmt":"2013-07-07T15:57:11","guid":{"rendered":"http:\/\/soester-pferdefreunde.jatzkowski.net\/?page_id=39"},"modified":"2023-01-10T14:24:29","modified_gmt":"2023-01-10T13:24:29","slug":"turniersport","status":"publish","type":"page","link":"https:\/\/soester-pferdefreunde.de\/?page_id=39","title":{"rendered":"Turniersport"},"content":{"rendered":"<p>Voltigieren im Turniersport &#8211; was bedeutet das?<\/p>\n<p>Das Voltigieren hat sich insgesamt von\u00a0der &#8222;Hinf\u00fchrung zum Reiten&#8220; zu einer eigenen Sportart mit vielen Turnieren und nationalen, wie auch internationalen Meisterschaften entwickelt.<\/p>\n<p>Die Voltigierer der Soester Pferdefreunde e.V.\u00a0 bewegen sich bislang auf regionalen Turnieren in den Leistungsklassen E bis L.<\/p>\n<p><strong>Turniersport Kategorie I<\/strong> &#8211; 1x \/Woche Training auf dem Pferd &amp; 1x\/Woche Training auf dem Movie<\/p>\n<p><strong>Turniersport Kategorie II<\/strong> &#8211; 2x\/Woche Training auf dem Pferd &amp; 1x\/Woche Training auf dem Movie<\/p>\n<h6><\/h6>\n<p>Wir legen gro\u00dfen Wert darauf, dass die teilnehmenden Kinder und Jugendlichen <em>nicht nur <\/em>im Voltigieren, <em>sondern auch<\/em> im allgemeinen Umgang mit dem Pferd gef\u00f6rdert werden. Hierzu geh\u00f6rt ein altersgem\u00e4\u00dfes Verst\u00e4ndnis vom Partner Pferd zu erlangen, Wissen im Umgang mit diesem zu erwerben und diesen artgerechte Lebensweisen zu erm\u00f6glichen. Zudem werden die Voltigierer verantwortungsvoll in die Versorgung der dem Verein anvertrauten Pferd mit eingebunden und individuell gef\u00f6rdert.<\/p>\n<p>Auch die Unterst\u00fctzung bei der Durchf\u00fchrung der Einsteigergruppen wird von den Voltigierern dieser Gruppen mitgetragen. Die Heranwachsenden erlernen so eine behutsame Heranf\u00fchrung J\u00fcngerer an unsere Pferde, wie auch das Anleiten und Mitgestalten der Voltigierstunden.<\/p>\n<p>Das Training beinhaltet die allgemeine und voltigierspezifische Schulung von Ausdauer, Kraft und Koordination. Eine F\u00f6rderung der technischen Anteile verschiedenster \u00dcbungen, die Festigung der Gruppenk\u00fcr und akrobatische wie auch t\u00e4nzerische Anteile finden hierbei ebenfalls Zeit und Raum.<\/p>\n","protected":false},"excerpt":{"rendered":"<p>Voltigieren im Turniersport &#8211; was bedeutet das? Das Voltigieren hat sich insgesamt von\u00a0der &#8222;Hinf\u00fchrung zum Reiten&#8220; zu einer eigenen Sportart mit vielen Turnieren und nationalen, wie auch internationalen Meisterschaften entwickelt. Die Voltigierer der Soester Pferdefreunde e.V.\u00a0 bewegen sich bislang auf regionalen Turnieren in den Leistungsklassen E bis L. Turniersport Kategorie I &#8211; 1x \/Woche Training [&hellip;]<\/p>\n","protected":false},"author":1,"featured_media":0,"parent":25,"menu_order":0,"comment_status":"closed","ping_status":"open","template":"","meta":{"_crdt_document":"","footnotes":""},"class_list":["post-39","page","type-page","status-publish","hentry"],"_links":{"self":[{"href":"https:\/\/soester-pferdefreunde.de\/index.php?rest_route=\/wp\/v2\/pages\/39","targetHints":{"allow":["GET"]}}],"collection":[{"href":"https:\/\/soester-pferdefreunde.de\/index.php?rest_route=\/wp\/v2\/pages"}],"about":[{"href":"https:\/\/soester-pferdefreunde.de\/index.php?rest_route=\/wp\/v2\/types\/page"}],"author":[{"embeddable":true,"href":"https:\/\/soester-pferdefreunde.de\/index.php?rest_route=\/wp\/v2\/users\/1"}],"replies":[{"embeddable":true,"href":"https:\/\/soester-pferdefreunde.de\/index.php?rest_route=%2Fwp%2Fv2%2Fcomments&post=39"}],"version-history":[{"count":6,"href":"https:\/\/soester-pferdefreunde.de\/index.php?rest_route=\/wp\/v2\/pages\/39\/revisions"}],"predecessor-version":[{"id":1125,"href":"https:\/\/soester-pferdefreunde.de\/index.php?rest_route=\/wp\/v2\/pages\/39\/revisions\/1125"}],"up":[{"embeddable":true,"href":"https:\/\/soester-pferdefreunde.de\/index.php?rest_route=\/wp\/v2\/pages\/25"}],"wp:attachment":[{"href":"https:\/\/soester-pferdefreunde.de\/index.php?rest_route=%2Fwp%2Fv2%2Fmedia&parent=39"}],"curies":[{"name":"wp","href":"https:\/\/api.w.org\/{rel}","templated":true}]}}